{"id":2226,"date":"2024-01-23T21:26:49","date_gmt":"2024-01-23T20:26:49","guid":{"rendered":"https:\/\/kachatelier-manternach.lu\/bibliotheque-des-blocs\/"},"modified":"2025-10-14T08:42:47","modified_gmt":"2025-10-14T06:42:47","slug":"bibliotheque-des-blocs","status":"publish","type":"page","link":"https:\/\/kachatelier-manternach.lu\/fr\/bibliotheque-des-blocs\/","title":{"rendered":"Biblioth\u00e8que des blocs"},"content":{"rendered":"\n<div class=\"wp-block-group alignfull tw-lg-hidden tw-md-hidden tw-sm-hidden has-background is-layout-constrained wp-container-core-group-is-layout-a5ee0924 wp-block-group-is-layout-constrained\" style=\"background-color:#776756;margin-top:0;margin-bottom:var(--wp--preset--spacing--40);padding-top:0;padding-right:var(--wp--preset--spacing--30);padding-bottom:0;padding-left:var(--wp--preset--spacing--30)\">\n<div style=\"height:60px\" aria-hidden=\"true\" id=\"wine-dine-fr\" class=\"wp-block-spacer\"><\/div>\n\n\n\n<div class=\"wp-block-cover alignwide\"><span aria-hidden=\"true\" class=\"wp-block-cover__background has-background-dim-20 has-background-dim\"><\/span><img loading=\"lazy\" decoding=\"async\" width=\"1000\" height=\"750\" sizes=\"auto, (max-width: 799px) 200vw,(max-width: 1000px) 100vw,1000px\" class=\"wp-block-cover__image-background wp-image-937\" alt=\"\" src=\"https:\/\/kachatelier-manternach.lu\/wp-content\/uploads\/kachatelier-manternach-restaurant.webp\" data-object-fit=\"cover\" srcset=\"https:\/\/kachatelier-manternach.lu\/wp-content\/uploads\/kachatelier-manternach-restaurant.webp 1000w, https:\/\/kachatelier-manternach.lu\/wp-content\/uploads\/kachatelier-manternach-restaurant-300x225.webp 300w, https:\/\/kachatelier-manternach.lu\/wp-content\/uploads\/kachatelier-manternach-restaurant-768x576.webp 768w\" \/><div class=\"wp-block-cover__inner-container is-layout-flow wp-block-cover-is-layout-flow\">\n<p class=\"has-text-align-center has-large-font-size\"><\/p>\n<\/div><\/div>\n\n\n\n<div style=\"height:40px\" aria-hidden=\"true\" class=\"wp-block-spacer\"><\/div>\n\n\n\n<hr class=\"wp-block-separator has-text-color has-background-color has-css-opacity has-background-background-color has-background alignwide is-style-wide\"\/>\n\n\n\n<div class=\"wp-block-columns alignwide are-vertically-aligned-top is-layout-flex wp-container-core-columns-is-layout-25d6b99a wp-block-columns-is-layout-flex\" style=\"padding-right:var(--wp--preset--spacing--20);padding-left:var(--wp--preset--spacing--20)\">\n<div class=\"wp-block-column is-vertically-aligned-top is-layout-flow wp-block-column-is-layout-flow\">\n<h2 class=\"wp-block-heading has-text-align-left has-background-color has-text-color has-large-font-size\">Le 11 juin 2023<\/h2>\n\n\n\n<p class=\"has-background-color has-text-color\">Nous vous invitons \u00e0 un \u00e9v\u00e9nement sp\u00e9cial dans le Kachatelier Manternach avec son architecture impressionnante\u00a0! <\/p>\n\n\n\n<figure class=\"wp-block-image size-large is-resized\"><img decoding=\"async\" src=\"https:\/\/kachatelier-manternach.lu\/wp-content\/uploads\/kachatelier-manternach.svg\" alt=\"\" class=\"wp-image-966\" style=\"width:160px;height:undefinedpx\"\/><\/figure>\n<\/div>\n\n\n\n<div class=\"wp-block-column is-vertically-aligned-top is-layout-flow wp-block-column-is-layout-flow\">\n<h2 class=\"wp-block-heading has-background-color has-text-color has-large-font-size\">\u00ab\u00a0Wine &amp; Dine Lunch\u00a0\u00bb<\/h2>\n\n\n\n<p class=\"has-background-color has-text-color\">D\u00e9gustation de vin, menu et visite\u00a0! <br\/>De 11h30 \u00e0 12h30, d\u00e9gustation de vin, \u00e0 partir de 12h30, nous servons le menu.<\/p>\n\n\n\n<ul class=\"is-style-tw-dash has-background-color has-text-color wp-block-list\">\n<li>D\u00e9jeuner<\/li>\n\n\n\n<li>Accompagnement de vin<\/li>\n\n\n\n<li>Petits fours<\/li>\n\n\n\n<li>Caf\u00e9<\/li>\n<\/ul>\n<\/div>\n\n\n\n<div class=\"wp-block-column is-vertically-aligned-top is-layout-flow wp-block-column-is-layout-flow\">\n<h2 class=\"wp-block-heading has-background-color has-text-color has-large-font-size\">Vignerons sur place<\/h2>\n\n\n\n<ul class=\"is-style-tw-dash has-background-color has-text-color wp-block-list\">\n<li>Domaine viticole Nik Weis, Leiwen<\/li>\n\n\n\n<li>Bordeaux de Wine Summary, Fine Wine Import<\/li>\n\n\n\n<li>Ch\u00e2teau Pauqu\u00e9, Grevenmache<\/li>\n<\/ul>\n\n\n\n<p class=\"has-background-color has-text-color\">D\u00e9gustation de vin et menu\u00a0: 75\u00a0\u20ac par personne.<\/p>\n\n\n\n<div class=\"wp-block-buttons is-layout-flex wp-block-buttons-is-layout-flex\">\n<div class=\"wp-block-button has-custom-font-size\" style=\"font-size:14px;letter-spacing:3px\"><a class=\"wp-block-button__link has-foreground-color has-background-background-color has-text-color has-background wp-element-button\" href=\"mailto:info@kachatelier-manternach.eu\" target=\"_blank\" rel=\"noreferrer noopener\">R\u00c9SERVEZ ICI\u00a0!<\/a><\/div>\n<\/div>\n<\/div>\n<\/div>\n\n\n\n<hr class=\"wp-block-separator has-text-color has-background-color has-css-opacity has-background-background-color has-background alignwide is-style-wide\"\/>\n\n\n\n<div style=\"height:80px\" aria-hidden=\"true\" class=\"wp-block-spacer\"><\/div>\n<\/div>\n\n<div class=\"wp-block-group alignfull tw-lg-hidden tw-md-hidden tw-sm-hidden has-background is-layout-constrained wp-container-core-group-is-layout-a5ee0924 wp-block-group-is-layout-constrained\" style=\"background-color:#776756;margin-top:0;margin-bottom:var(--wp--preset--spacing--40);padding-top:0;padding-right:var(--wp--preset--spacing--30);padding-bottom:0;padding-left:var(--wp--preset--spacing--30)\">\n<div style=\"height:60px\" aria-hidden=\"true\" class=\"wp-block-spacer\"><\/div>\n\n\n\n<hr class=\"wp-block-separator has-text-color has-background-color has-css-opacity has-background-background-color has-background alignwide is-style-wide\"\/>\n\n\n\n<div class=\"wp-block-columns alignwide is-layout-flex wp-container-core-columns-is-layout-625b63cf wp-block-columns-is-layout-flex\">\n<div class=\"wp-block-column is-layout-flow wp-block-column-is-layout-flow\">\n<h2 class=\"wp-block-heading alignwide has-background-color has-text-color has-large-font-size\">Specials <br\/>en novembre et d\u00e9cembre<\/h2>\n<\/div>\n\n\n\n<div class=\"wp-block-column is-layout-flow wp-block-column-is-layout-flow\">\n<p class=\"has-background-color has-text-color\">En novembre et d\u00e9cembre, le restaurant est \u00e9galement ouvert le mercredi soir de 18h \u00e0 21h. Le midi, nous accueillons nos clients de 12h \u00e0 15h, comme les autres jours de la semaine. <\/p>\n<\/div>\n<\/div>\n\n\n\n<hr class=\"wp-block-separator has-text-color has-background-color has-css-opacity has-background-background-color has-background alignwide is-style-wide\"\/>\n\n\n\n<div class=\"wp-block-cover alignwide\"><span aria-hidden=\"true\" class=\"wp-block-cover__background has-background-dim-30 has-background-dim\"><\/span><img loading=\"lazy\" decoding=\"async\" width=\"1000\" height=\"750\" sizes=\"auto, (max-width: 799px) 200vw,(max-width: 1000px) 100vw,1000px\" class=\"wp-block-cover__image-background wp-image-937\" alt=\"\" src=\"https:\/\/kachatelier-manternach.lu\/wp-content\/uploads\/kachatelier-manternach-restaurant.webp\" data-object-fit=\"cover\" srcset=\"https:\/\/kachatelier-manternach.lu\/wp-content\/uploads\/kachatelier-manternach-restaurant.webp 1000w, https:\/\/kachatelier-manternach.lu\/wp-content\/uploads\/kachatelier-manternach-restaurant-300x225.webp 300w, https:\/\/kachatelier-manternach.lu\/wp-content\/uploads\/kachatelier-manternach-restaurant-768x576.webp 768w\" \/><div class=\"wp-block-cover__inner-container is-layout-flow wp-block-cover-is-layout-flow\">\n<h2 class=\"wp-block-heading has-text-align-center\" style=\"font-size:52px;font-style:normal;font-weight:600\">Journ\u00e9e portes ouvertes <br\/>le 26.11.2023<\/h2>\n<\/div><\/div>\n\n\n\n<div style=\"height:40px\" aria-hidden=\"true\" class=\"wp-block-spacer\"><\/div>\n\n\n\n<hr class=\"wp-block-separator has-text-color has-background-color has-css-opacity has-background-background-color has-background alignwide is-style-wide\"\/>\n\n\n\n<div class=\"wp-block-columns alignwide are-vertically-aligned-top is-layout-flex wp-container-core-columns-is-layout-25d6b99a wp-block-columns-is-layout-flex\" style=\"padding-right:var(--wp--preset--spacing--20);padding-left:var(--wp--preset--spacing--20)\">\n<div class=\"wp-block-column is-vertically-aligned-top is-layout-flow wp-block-column-is-layout-flow\">\n<h2 class=\"wp-block-heading has-text-align-left has-background-color has-text-color has-large-font-size\">Ap\u00e9ritif de No\u00ebl le 26\/11<\/h2>\n\n\n\n<p class=\"has-background-color has-text-color\">Il y aura du punch au vin blanc, des tartes \u00e0 l&rsquo;oignon et une soupe de gingembre \u00e0 la citrouille. Ensuite, il sera possible de visiter le local et la cuisine. <\/p>\n\n\n\n<p><\/p>\n\n\n\n<figure class=\"wp-block-image size-large is-resized\"><img decoding=\"async\" src=\"https:\/\/kachatelier-manternach.lu\/wp-content\/uploads\/kachatelier-manternach.svg\" alt=\"\" class=\"wp-image-966\" style=\"width:160px;height:undefinedpx\"\/><\/figure>\n<\/div>\n\n\n\n<div class=\"wp-block-column is-vertically-aligned-top is-layout-flow wp-block-column-is-layout-flow\">\n<h2 class=\"wp-block-heading has-background-color has-text-color has-large-font-size\">Menu de la journ\u00e9e portes ouvertes<\/h2>\n\n\n\n<p class=\"is-style-tw-dash has-background-color has-text-color\">Magret de canard fum\u00e9 avec salade de lentilles, vinaigrette \u00e0 l&rsquo;huile de p\u00e9pins de raisin <br\/><em>ou<\/em> bisque de homard  <\/p>\n\n\n\n<p class=\"has-background-color has-text-color\">Joue de b\u0153uf brais\u00e9e, mousseline de pommes de terre, carotte des sables <br\/><em>ou<\/em> cabillaud aux herbes au champagne, pur\u00e9e de pommes de terre  <\/p>\n\n\n\n<p class=\"has-background-color has-text-color\">Mousse au nougat avec cerises au punch, chantilly \u00e0 la cannelle<\/p>\n<\/div>\n\n\n\n<div class=\"wp-block-column is-vertically-aligned-top is-layout-flow wp-block-column-is-layout-flow\">\n<h2 class=\"wp-block-heading has-background-color has-text-color has-large-font-size\">Visite du lieu &amp; de la cuisine<\/h2>\n\n\n\n<p class=\"is-style-tw-dash has-background-color has-text-color\">Nous sommes impatients de vous offrir une belle journ\u00e9e portes ouvertes et un excellent menu pour nos invit\u00e9s.  <\/p>\n\n\n\n<p class=\"is-style-tw-dash has-background-color has-text-color\">Menu : 56 \u20ac par personne.<\/p>\n\n\n\n<p class=\"has-background-color has-text-color\">Veuillez r\u00e9server \u00e0 l&rsquo;avance.<\/p>\n\n\n\n<div class=\"wp-block-buttons is-layout-flex wp-block-buttons-is-layout-flex\">\n<div class=\"wp-block-button has-custom-font-size\" style=\"font-size:14px;letter-spacing:3px\"><a class=\"wp-block-button__link has-foreground-color has-background-background-color has-text-color has-background wp-element-button\" href=\"mailto:info@kachatelier-manternach.eu\" target=\"_blank\" rel=\"noreferrer noopener\">\u2605 R\u00c9SERVER MAINTENANT<\/a><\/div>\n<\/div>\n<\/div>\n<\/div>\n\n\n\n<hr class=\"wp-block-separator has-text-color has-background-color has-css-opacity has-background-background-color has-background alignwide is-style-wide\"\/>\n\n\n\n<div style=\"height:80px\" aria-hidden=\"true\" class=\"wp-block-spacer\"><\/div>\n<\/div>\n\n<div class=\"wp-block-group alignfull has-tertiary-color has-text-color has-background has-link-color wp-elements-b6c3838ef3448c89c08be98db19d5e0d is-layout-flow wp-block-group-is-layout-flow\" style=\"background-color:#776756;padding-top:0;padding-bottom:var(--wp--preset--spacing--20)\">\n<div class=\"wp-block-group is-layout-constrained wp-block-group-is-layout-constrained\" style=\"padding-top:var(--wp--preset--spacing--60)\">\n<h2 class=\"wp-block-heading has-tertiary-color has-text-color has-large-font-size\">Demande de r\u00e9servation<\/h2>\n\n\n\n<div class=\"wp-block-columns is-layout-flex wp-container-core-columns-is-layout-d0b3c9c8 wp-block-columns-is-layout-flex\">\n<div class=\"wp-block-column is-layout-flow wp-block-column-is-layout-flow\">\n<div class=\"wp-block-group is-layout-constrained wp-block-group-is-layout-constrained\">\n<hr class=\"wp-block-separator has-text-color has-background-color has-css-opacity has-background-background-color has-background alignwide is-style-wide\"\/>\n\n\n\n<p>Pr\u00e9nom :<\/p>\n\n\n\n<hr class=\"wp-block-separator has-text-color has-background-color has-css-opacity has-background-background-color has-background alignwide is-style-wide\"\/>\n\n\n\n<p>Nom de famille :<\/p>\n\n\n\n<hr class=\"wp-block-separator has-text-color has-background-color has-css-opacity has-background-background-color has-background alignwide is-style-wide\"\/>\n\n\n\n<p>Adresse \u00e9lectronique * :<\/p>\n\n\n\n<hr class=\"wp-block-separator has-text-color has-background-color has-css-opacity has-background-background-color has-background alignwide is-style-wide\"\/>\n\n\n\n<p>Num\u00e9ro de t\u00e9l\u00e9phone * :<\/p>\n\n\n\n<hr class=\"wp-block-separator has-text-color has-background-color has-css-opacity has-background-background-color has-background alignwide is-style-wide\"\/>\n\n\n\n<p>Votre demande :<\/p>\n\n\n\n<p style=\"font-size:0.84rem\"><\/p>\n\n\n\n<hr class=\"wp-block-separator has-text-color has-background-color has-css-opacity has-background-background-color has-background alignwide is-style-wide\"\/>\n\n\n\n<div class=\"wp-block-buttons is-layout-flex wp-block-buttons-is-layout-flex\">\n<div class=\"wp-block-button has-custom-font-size\" style=\"font-size:14px;letter-spacing:3px\"><a class=\"wp-block-button__link has-foreground-color has-background-background-color has-text-color has-background wp-element-button\" href=\"mailto:info@kachatelier-manternach.eu\" target=\"_blank\" rel=\"noreferrer noopener\">\u2605 ENVOYER<\/a><\/div>\n<\/div>\n<\/div>\n<\/div>\n<\/div>\n\n\n\n<div class=\"wp-block-columns alignwide are-vertically-aligned-center is-layout-flex wp-container-core-columns-is-layout-d0b3c9c8 wp-block-columns-is-layout-flex\">\n<div class=\"wp-block-column is-vertically-aligned-center is-layout-flow wp-block-column-is-layout-flow\"><\/div>\n\n\n\n<div class=\"wp-block-column is-vertically-aligned-center is-layout-flow wp-block-column-is-layout-flow\"><\/div>\n<\/div>\n\n\n\n<div style=\"height:32px\" aria-hidden=\"true\" class=\"wp-block-spacer\"><\/div>\n\n\n\n<div class=\"wp-block-contact-form-7-contact-form-selector\"><p class=\"wpcf7-contact-form-not-found\"><strong>Erreur\u00a0:<\/strong> Formulaire de contact non trouv\u00e9\u00a0!<\/p><\/div>\n<\/div>\n<\/div>\n\n<div class=\"wp-block-group alignfull has-tertiary-color has-text-color has-background has-link-color wp-elements-76815fb9c45f8d9b2be807e9ff738ff4 is-layout-flow wp-block-group-is-layout-flow\" style=\"background-color:#776756;margin-top:var(--wp--preset--spacing--50);padding-top:0;padding-bottom:var(--wp--preset--spacing--20)\">\n<div class=\"wp-block-group is-layout-constrained wp-block-group-is-layout-constrained\" style=\"padding-top:var(--wp--preset--spacing--60)\">\n<h2 class=\"wp-block-heading has-tertiary-color has-text-color has-large-font-size\">Demande de r\u00e9servation \/ fr<\/h2>\n\n\n\n<div class=\"wp-block-columns is-layout-flex wp-container-core-columns-is-layout-d0b3c9c8 wp-block-columns-is-layout-flex\">\n<div class=\"wp-block-column is-layout-flow wp-block-column-is-layout-flow\">\n<div class=\"wp-block-group is-layout-constrained wp-block-group-is-layout-constrained\">\n<hr class=\"wp-block-separator has-text-color has-background-color has-css-opacity has-background-background-color has-background alignwide is-style-wide\"\/>\n\n\n\n<p>Pr\u00e9nom :<\/p>\n\n\n\n<hr class=\"wp-block-separator has-text-color has-background-color has-css-opacity has-background-background-color has-background alignwide is-style-wide\"\/>\n\n\n\n<p>Nom de famille :<\/p>\n\n\n\n<hr class=\"wp-block-separator has-text-color has-background-color has-css-opacity has-background-background-color has-background alignwide is-style-wide\"\/>\n\n\n\n<p>E-mail * :<\/p>\n\n\n\n<hr class=\"wp-block-separator has-text-color has-background-color has-css-opacity has-background-background-color has-background alignwide is-style-wide\"\/>\n\n\n\n<p>Num\u00e9ro de t\u00e9l\u00e9phone * :<\/p>\n\n\n\n<hr class=\"wp-block-separator has-text-color has-background-color has-css-opacity has-background-background-color has-background alignwide is-style-wide\"\/>\n\n\n\n<p>Votre demande :<\/p>\n\n\n\n<p style=\"font-size:0.84rem\"><\/p>\n\n\n\n<hr class=\"wp-block-separator has-text-color has-background-color has-css-opacity has-background-background-color has-background alignwide is-style-wide\"\/>\n\n\n\n<div class=\"wp-block-buttons is-layout-flex wp-block-buttons-is-layout-flex\">\n<div class=\"wp-block-button has-custom-font-size\" style=\"font-size:14px;letter-spacing:3px\"><a class=\"wp-block-button__link has-foreground-color has-background-background-color has-text-color has-background wp-element-button\" href=\"mailto:info@kachatelier-manternach.eu\" target=\"_blank\" rel=\"noreferrer noopener\">\u2605 ENVOYER<\/a><\/div>\n<\/div>\n<\/div>\n<\/div>\n<\/div>\n\n\n\n<div class=\"wp-block-columns alignwide are-vertically-aligned-center is-layout-flex wp-container-core-columns-is-layout-d0b3c9c8 wp-block-columns-is-layout-flex\">\n<div class=\"wp-block-column is-vertically-aligned-center is-layout-flow wp-block-column-is-layout-flow\"><\/div>\n\n\n\n<div class=\"wp-block-column is-vertically-aligned-center is-layout-flow wp-block-column-is-layout-flow\"><\/div>\n<\/div>\n\n\n\n<div style=\"height:32px\" aria-hidden=\"true\" class=\"wp-block-spacer\"><\/div>\n\n\n\n<div class=\"wp-block-contact-form-7-contact-form-selector\"><p class=\"wpcf7-contact-form-not-found\"><strong>Erreur\u00a0:<\/strong> Formulaire de contact non trouv\u00e9\u00a0!<\/p><\/div>\n<\/div>\n<\/div>\n","protected":false},"excerpt":{"rendered":"<p>Le 11 juin 2023 Nous vous invitons \u00e0 un \u00e9v\u00e9nement sp\u00e9cial dans le Kachatelier Manternach avec son architecture impressionnante\u00a0! \u00ab\u00a0Wine &amp; Dine Lunch\u00a0\u00bb D\u00e9gustation de vin, menu et visite\u00a0! De 11h30 \u00e0 12h30, d\u00e9gustation de vin, \u00e0 partir de 12h30, nous servons le menu. Vignerons sur place D\u00e9gustation de vin et menu\u00a0: 75\u00a0\u20ac par personne. [&hellip;]<\/p>\n","protected":false},"author":3,"featured_media":0,"parent":0,"menu_order":0,"comment_status":"closed","ping_status":"closed","template":"","meta":{"inline_featured_image":false,"footnotes":""},"class_list":["post-2226","page","type-page","status-publish","hentry"],"yoast_head":"<!-- This site is optimized with the Yoast SEO plugin v24.6 - https:\/\/yoast.com\/wordpress\/plugins\/seo\/ -->\n<title>Biblioth\u00e8que des blocs %%page% - Kachatelier Manternach%<\/title>\n<meta name=\"robots\" content=\"index, follow, max-snippet:-1, max-image-preview:large, max-video-preview:-1\" \/>\n<link rel=\"canonical\" href=\"https:\/\/kachatelier-manternach.lu\/fr\/bibliotheque-des-blocs\/\" \/>\n<meta property=\"og:locale\" content=\"fr_FR\" \/>\n<meta property=\"og:type\" content=\"article\" \/>\n<meta property=\"og:title\" content=\"Biblioth\u00e8que des blocs %%page% - Kachatelier Manternach%\" \/>\n<meta property=\"og:description\" content=\"Le 11 juin 2023 Nous vous invitons \u00e0 un \u00e9v\u00e9nement sp\u00e9cial dans le Kachatelier Manternach avec son architecture impressionnante\u00a0! \u00ab\u00a0Wine &amp; Dine Lunch\u00a0\u00bb D\u00e9gustation de vin, menu et visite\u00a0! De 11h30 \u00e0 12h30, d\u00e9gustation de vin, \u00e0 partir de 12h30, nous servons le menu. Vignerons sur place D\u00e9gustation de vin et menu\u00a0: 75\u00a0\u20ac par personne. [&hellip;]\" \/>\n<meta property=\"og:url\" content=\"https:\/\/kachatelier-manternach.lu\/fr\/bibliotheque-des-blocs\/\" \/>\n<meta property=\"og:site_name\" content=\"Kachatelier Manternach\" \/>\n<meta property=\"article:modified_time\" content=\"2025-10-14T06:42:47+00:00\" \/>\n<meta property=\"og:image\" content=\"https:\/\/kachatelier-manternach.lu\/wp-content\/uploads\/kachatelier-manternach-restaurant.webp\" \/>\n\t<meta property=\"og:image:width\" content=\"1000\" \/>\n\t<meta property=\"og:image:height\" content=\"750\" \/>\n\t<meta property=\"og:image:type\" content=\"image\/webp\" \/>\n<meta name=\"twitter:card\" content=\"summary_large_image\" \/>\n<meta name=\"twitter:label1\" content=\"Dur\u00e9e de lecture estim\u00e9e\" \/>\n\t<meta name=\"twitter:data1\" content=\"2 minutes\" \/>\n<script type=\"application\/ld+json\" class=\"yoast-schema-graph\">{\"@context\":\"https:\/\/schema.org\",\"@graph\":[{\"@type\":\"WebPage\",\"@id\":\"https:\/\/kachatelier-manternach.lu\/fr\/bibliotheque-des-blocs\/\",\"url\":\"https:\/\/kachatelier-manternach.lu\/fr\/bibliotheque-des-blocs\/\",\"name\":\"Biblioth\u00e8que des blocs %%page% - Kachatelier Manternach%\",\"isPartOf\":{\"@id\":\"https:\/\/kachatelier-manternach.lu\/fr\/#website\"},\"primaryImageOfPage\":{\"@id\":\"https:\/\/kachatelier-manternach.lu\/fr\/bibliotheque-des-blocs\/#primaryimage\"},\"image\":{\"@id\":\"https:\/\/kachatelier-manternach.lu\/fr\/bibliotheque-des-blocs\/#primaryimage\"},\"thumbnailUrl\":\"https:\/\/kachatelier-manternach.lu\/wp-content\/uploads\/kachatelier-manternach-restaurant.webp\",\"datePublished\":\"2024-01-23T20:26:49+00:00\",\"dateModified\":\"2025-10-14T06:42:47+00:00\",\"breadcrumb\":{\"@id\":\"https:\/\/kachatelier-manternach.lu\/fr\/bibliotheque-des-blocs\/#breadcrumb\"},\"inLanguage\":\"fr-FR\",\"potentialAction\":[{\"@type\":\"ReadAction\",\"target\":[\"https:\/\/kachatelier-manternach.lu\/fr\/bibliotheque-des-blocs\/\"]}]},{\"@type\":\"ImageObject\",\"inLanguage\":\"fr-FR\",\"@id\":\"https:\/\/kachatelier-manternach.lu\/fr\/bibliotheque-des-blocs\/#primaryimage\",\"url\":\"https:\/\/kachatelier-manternach.lu\/wp-content\/uploads\/kachatelier-manternach-restaurant.webp\",\"contentUrl\":\"https:\/\/kachatelier-manternach.lu\/wp-content\/uploads\/kachatelier-manternach-restaurant.webp\"},{\"@type\":\"BreadcrumbList\",\"@id\":\"https:\/\/kachatelier-manternach.lu\/fr\/bibliotheque-des-blocs\/#breadcrumb\",\"itemListElement\":[{\"@type\":\"ListItem\",\"position\":1,\"name\":\"Accueil\",\"item\":\"https:\/\/kachatelier-manternach.lu\/fr\/\"},{\"@type\":\"ListItem\",\"position\":2,\"name\":\"Biblioth\u00e8que des blocs\"}]},{\"@type\":\"WebSite\",\"@id\":\"https:\/\/kachatelier-manternach.lu\/fr\/#website\",\"url\":\"https:\/\/kachatelier-manternach.lu\/fr\/\",\"name\":\"Kachatelier Manternach\",\"description\":\"Excellente nourriture &amp; architecture magistrale.\",\"potentialAction\":[{\"@type\":\"SearchAction\",\"target\":{\"@type\":\"EntryPoint\",\"urlTemplate\":\"https:\/\/kachatelier-manternach.lu\/fr\/?s={search_term_string}\"},\"query-input\":{\"@type\":\"PropertyValueSpecification\",\"valueRequired\":true,\"valueName\":\"search_term_string\"}}],\"inLanguage\":\"fr-FR\"}]}<\/script>\n<!-- \/ Yoast SEO plugin. -->","yoast_head_json":{"title":"Biblioth\u00e8que des blocs %%page% - Kachatelier Manternach%","robots":{"index":"index","follow":"follow","max-snippet":"max-snippet:-1","max-image-preview":"max-image-preview:large","max-video-preview":"max-video-preview:-1"},"canonical":"https:\/\/kachatelier-manternach.lu\/fr\/bibliotheque-des-blocs\/","og_locale":"fr_FR","og_type":"article","og_title":"Biblioth\u00e8que des blocs %%page% - Kachatelier Manternach%","og_description":"Le 11 juin 2023 Nous vous invitons \u00e0 un \u00e9v\u00e9nement sp\u00e9cial dans le Kachatelier Manternach avec son architecture impressionnante\u00a0! \u00ab\u00a0Wine &amp; Dine Lunch\u00a0\u00bb D\u00e9gustation de vin, menu et visite\u00a0! De 11h30 \u00e0 12h30, d\u00e9gustation de vin, \u00e0 partir de 12h30, nous servons le menu. Vignerons sur place D\u00e9gustation de vin et menu\u00a0: 75\u00a0\u20ac par personne. [&hellip;]","og_url":"https:\/\/kachatelier-manternach.lu\/fr\/bibliotheque-des-blocs\/","og_site_name":"Kachatelier Manternach","article_modified_time":"2025-10-14T06:42:47+00:00","og_image":[{"width":1000,"height":750,"url":"https:\/\/kachatelier-manternach.lu\/wp-content\/uploads\/kachatelier-manternach-restaurant.webp","type":"image\/webp"}],"twitter_card":"summary_large_image","twitter_misc":{"Dur\u00e9e de lecture estim\u00e9e":"2 minutes"},"schema":{"@context":"https:\/\/schema.org","@graph":[{"@type":"WebPage","@id":"https:\/\/kachatelier-manternach.lu\/fr\/bibliotheque-des-blocs\/","url":"https:\/\/kachatelier-manternach.lu\/fr\/bibliotheque-des-blocs\/","name":"Biblioth\u00e8que des blocs %%page% - Kachatelier Manternach%","isPartOf":{"@id":"https:\/\/kachatelier-manternach.lu\/fr\/#website"},"primaryImageOfPage":{"@id":"https:\/\/kachatelier-manternach.lu\/fr\/bibliotheque-des-blocs\/#primaryimage"},"image":{"@id":"https:\/\/kachatelier-manternach.lu\/fr\/bibliotheque-des-blocs\/#primaryimage"},"thumbnailUrl":"https:\/\/kachatelier-manternach.lu\/wp-content\/uploads\/kachatelier-manternach-restaurant.webp","datePublished":"2024-01-23T20:26:49+00:00","dateModified":"2025-10-14T06:42:47+00:00","breadcrumb":{"@id":"https:\/\/kachatelier-manternach.lu\/fr\/bibliotheque-des-blocs\/#breadcrumb"},"inLanguage":"fr-FR","potentialAction":[{"@type":"ReadAction","target":["https:\/\/kachatelier-manternach.lu\/fr\/bibliotheque-des-blocs\/"]}]},{"@type":"ImageObject","inLanguage":"fr-FR","@id":"https:\/\/kachatelier-manternach.lu\/fr\/bibliotheque-des-blocs\/#primaryimage","url":"https:\/\/kachatelier-manternach.lu\/wp-content\/uploads\/kachatelier-manternach-restaurant.webp","contentUrl":"https:\/\/kachatelier-manternach.lu\/wp-content\/uploads\/kachatelier-manternach-restaurant.webp"},{"@type":"BreadcrumbList","@id":"https:\/\/kachatelier-manternach.lu\/fr\/bibliotheque-des-blocs\/#breadcrumb","itemListElement":[{"@type":"ListItem","position":1,"name":"Accueil","item":"https:\/\/kachatelier-manternach.lu\/fr\/"},{"@type":"ListItem","position":2,"name":"Biblioth\u00e8que des blocs"}]},{"@type":"WebSite","@id":"https:\/\/kachatelier-manternach.lu\/fr\/#website","url":"https:\/\/kachatelier-manternach.lu\/fr\/","name":"Kachatelier Manternach","description":"Excellente nourriture &amp; architecture magistrale.","potentialAction":[{"@type":"SearchAction","target":{"@type":"EntryPoint","urlTemplate":"https:\/\/kachatelier-manternach.lu\/fr\/?s={search_term_string}"},"query-input":{"@type":"PropertyValueSpecification","valueRequired":true,"valueName":"search_term_string"}}],"inLanguage":"fr-FR"}]}},"_links":{"self":[{"href":"https:\/\/kachatelier-manternach.lu\/fr\/wp-json\/wp\/v2\/pages\/2226","targetHints":{"allow":["GET"]}}],"collection":[{"href":"https:\/\/kachatelier-manternach.lu\/fr\/wp-json\/wp\/v2\/pages"}],"about":[{"href":"https:\/\/kachatelier-manternach.lu\/fr\/wp-json\/wp\/v2\/types\/page"}],"author":[{"embeddable":true,"href":"https:\/\/kachatelier-manternach.lu\/fr\/wp-json\/wp\/v2\/users\/3"}],"replies":[{"embeddable":true,"href":"https:\/\/kachatelier-manternach.lu\/fr\/wp-json\/wp\/v2\/comments?post=2226"}],"version-history":[{"count":1,"href":"https:\/\/kachatelier-manternach.lu\/fr\/wp-json\/wp\/v2\/pages\/2226\/revisions"}],"predecessor-version":[{"id":2227,"href":"https:\/\/kachatelier-manternach.lu\/fr\/wp-json\/wp\/v2\/pages\/2226\/revisions\/2227"}],"wp:attachment":[{"href":"https:\/\/kachatelier-manternach.lu\/fr\/wp-json\/wp\/v2\/media?parent=2226"}],"curies":[{"name":"wp","href":"https:\/\/api.w.org\/{rel}","templated":true}]}}