{"id":2196,"date":"2022-11-25T10:30:20","date_gmt":"2022-11-25T09:30:20","guid":{"rendered":"https:\/\/kachatelier-manternach.lu\/mentions-legales\/"},"modified":"2025-10-14T08:42:30","modified_gmt":"2025-10-14T06:42:30","slug":"mentions-legales","status":"publish","type":"page","link":"https:\/\/kachatelier-manternach.lu\/fr\/mentions-legales\/","title":{"rendered":"Mentions l\u00e9gales"},"content":{"rendered":"\n<div style=\"height:100px\" aria-hidden=\"true\" class=\"wp-block-spacer\"><\/div>\n\n<h1 class=\"wp-block-heading\">Mentions l\u00e9gales<\/h1>\n\n<p>Kachatelier S\u00e0rl<br\/>2, A Lambett<br\/>L-6850 Manternach<\/p>\n\n<p>T : 00352 267895960<\/p>\n\n<p>info@kachatelier-manternach.eu<br\/>www. kachatelier-manternach.lu <\/p>\n\n<p>R.C.S. Luxembourg B245515<br\/>Autorisation n\u00b0 10125947 \/ 0-2<\/p>\n\n<p>TVA 2020 2435 581<br\/>Num\u00e9ro de TVA. N\u00b0 de TVA LU33373372 <br\/><br\/>Directeur g\u00e9n\u00e9ral :<br\/>M. Alois Annen<br\/>M. Harald R\u00fcssel<\/p>\n\n<p>Tribunal comp\u00e9tent Luxembourg<strong> <\/strong><\/p>\n\n<p>Derni\u00e8rement mis \u00e0 jour : novembre 2022<\/p>\n\n<h2 class=\"wp-block-heading\">Responsable de la r\u00e9daction  <\/h2>\n\n<p>Alois Annen, Harald R\u00fcssel<\/p>\n\n<h2 class=\"wp-block-heading\">Conception du site web :<strong>\n  <br\/>\n<\/strong><br\/><a rel=\"noreferrer noopener\" href=\"https:\/\/ocular-online.de\/\" target=\"_blank\">Agence de marketing en ligne : Ocular Online <\/a> <\/h2>\n\n<h2 class=\"wp-block-heading\"><strong>Conception du site web :<\/strong><br\/><br\/><a rel=\"noreferrer noopener\" href=\"https:\/\/franziska-walther.de\/\" target=\"_blank\">Studio Franziska Walther<\/a><\/h2>\n\n<h2 class=\"wp-block-heading\">Photos :<\/h2>\n\n<p>Kilian Keipinger<br\/>Benny Dutka<\/p>\n\n<h2 class=\"wp-block-heading\">Clause de non-responsabilit\u00e9<\/h2>\n\n<p>Responsabilit\u00e9 du contenu :<\/p>\n\n<p>En tant que prestataire de services, nous sommes responsables, conform\u00e9ment au \u00a7 7 alin\u00e9a 1 de la loi allemande sur les t\u00e9l\u00e9m\u00e9dias (TMG), de nos propres contenus sur ces pages selon les lois g\u00e9n\u00e9rales. Conform\u00e9ment aux \u00a7\u00a7 8 \u00e0 10 de la TMG, nous ne sommes toutefois pas tenus, en tant que prestataire de services, de surveiller les informations externes transmises ou enregistr\u00e9es ou de rechercher les circonstances qui indiquent une activit\u00e9 ill\u00e9gale.  <\/p>\n\n<p>L&rsquo;obligation de supprimer ou de bloquer l&rsquo;utilisation d&rsquo;informations conform\u00e9ment aux lois g\u00e9n\u00e9rales n&rsquo;est pas affect\u00e9e par cette disposition. Une responsabilit\u00e9 \u00e0 cet \u00e9gard n&rsquo;est toutefois possible qu&rsquo;\u00e0 partir du moment o\u00f9 une violation concr\u00e8te de la loi est connue. D\u00e8s la prise de connaissance d&rsquo;une telle violation, nous supprimerons imm\u00e9diatement le contenu en question.  <\/p>\n\n<p><br\/>&#8230;&#8230;<\/p>\n","protected":false},"excerpt":{"rendered":"<p>Mentions l\u00e9gales Kachatelier S\u00e0rl2, A LambettL-6850 Manternach T : 00352 267895960 info@kachatelier-manternach.euwww. kachatelier-manternach.lu R.C.S. Luxembourg B245515Autorisation n\u00b0 10125947 \/ 0-2 TVA 2020 2435 581Num\u00e9ro de TVA. N\u00b0 de TVA LU33373372 Directeur g\u00e9n\u00e9ral :M. Alois AnnenM. Harald R\u00fcssel Tribunal comp\u00e9tent Luxembourg Derni\u00e8rement mis \u00e0 jour : novembre 2022 Responsable de la r\u00e9daction Alois Annen, Harald R\u00fcssel [&hellip;]<\/p>\n","protected":false},"author":4,"featured_media":0,"parent":0,"menu_order":0,"comment_status":"closed","ping_status":"closed","template":"","meta":{"inline_featured_image":false,"footnotes":""},"class_list":["post-2196","page","type-page","status-publish","hentry"],"yoast_head":"<!-- This site is optimized with the Yoast SEO plugin v24.6 - https:\/\/yoast.com\/wordpress\/plugins\/seo\/ -->\n<title>Mentions l\u00e9gales %%page% - Kachatelier Manternach%<\/title>\n<meta name=\"robots\" content=\"index, follow, max-snippet:-1, max-image-preview:large, max-video-preview:-1\" \/>\n<link rel=\"canonical\" href=\"https:\/\/kachatelier-manternach.lu\/fr\/mentions-legales\/\" \/>\n<meta property=\"og:locale\" content=\"fr_FR\" \/>\n<meta property=\"og:type\" content=\"article\" \/>\n<meta property=\"og:title\" content=\"Mentions l\u00e9gales %%page% - Kachatelier Manternach%\" \/>\n<meta property=\"og:description\" content=\"Mentions l\u00e9gales Kachatelier S\u00e0rl2, A LambettL-6850 Manternach T : 00352 267895960 info@kachatelier-manternach.euwww. kachatelier-manternach.lu R.C.S. Luxembourg B245515Autorisation n\u00b0 10125947 \/ 0-2 TVA 2020 2435 581Num\u00e9ro de TVA. N\u00b0 de TVA LU33373372 Directeur g\u00e9n\u00e9ral :M. Alois AnnenM. Harald R\u00fcssel Tribunal comp\u00e9tent Luxembourg Derni\u00e8rement mis \u00e0 jour : novembre 2022 Responsable de la r\u00e9daction Alois Annen, Harald R\u00fcssel [&hellip;]\" \/>\n<meta property=\"og:url\" content=\"https:\/\/kachatelier-manternach.lu\/fr\/mentions-legales\/\" \/>\n<meta property=\"og:site_name\" content=\"Kachatelier Manternach\" \/>\n<meta property=\"article:modified_time\" content=\"2025-10-14T06:42:30+00:00\" \/>\n<meta name=\"twitter:card\" content=\"summary_large_image\" \/>\n<meta name=\"twitter:label1\" content=\"Dur\u00e9e de lecture estim\u00e9e\" \/>\n\t<meta name=\"twitter:data1\" content=\"1 minute\" \/>\n<script type=\"application\/ld+json\" class=\"yoast-schema-graph\">{\"@context\":\"https:\/\/schema.org\",\"@graph\":[{\"@type\":\"WebPage\",\"@id\":\"https:\/\/kachatelier-manternach.lu\/fr\/mentions-legales\/\",\"url\":\"https:\/\/kachatelier-manternach.lu\/fr\/mentions-legales\/\",\"name\":\"Mentions l\u00e9gales %%page% - Kachatelier Manternach%\",\"isPartOf\":{\"@id\":\"https:\/\/kachatelier-manternach.lu\/fr\/#website\"},\"datePublished\":\"2022-11-25T09:30:20+00:00\",\"dateModified\":\"2025-10-14T06:42:30+00:00\",\"breadcrumb\":{\"@id\":\"https:\/\/kachatelier-manternach.lu\/fr\/mentions-legales\/#breadcrumb\"},\"inLanguage\":\"fr-FR\",\"potentialAction\":[{\"@type\":\"ReadAction\",\"target\":[\"https:\/\/kachatelier-manternach.lu\/fr\/mentions-legales\/\"]}]},{\"@type\":\"BreadcrumbList\",\"@id\":\"https:\/\/kachatelier-manternach.lu\/fr\/mentions-legales\/#breadcrumb\",\"itemListElement\":[{\"@type\":\"ListItem\",\"position\":1,\"name\":\"Accueil\",\"item\":\"https:\/\/kachatelier-manternach.lu\/fr\/\"},{\"@type\":\"ListItem\",\"position\":2,\"name\":\"Mentions l\u00e9gales\"}]},{\"@type\":\"WebSite\",\"@id\":\"https:\/\/kachatelier-manternach.lu\/fr\/#website\",\"url\":\"https:\/\/kachatelier-manternach.lu\/fr\/\",\"name\":\"Kachatelier Manternach\",\"description\":\"Excellente nourriture &amp; architecture magistrale.\",\"potentialAction\":[{\"@type\":\"SearchAction\",\"target\":{\"@type\":\"EntryPoint\",\"urlTemplate\":\"https:\/\/kachatelier-manternach.lu\/fr\/?s={search_term_string}\"},\"query-input\":{\"@type\":\"PropertyValueSpecification\",\"valueRequired\":true,\"valueName\":\"search_term_string\"}}],\"inLanguage\":\"fr-FR\"}]}<\/script>\n<!-- \/ Yoast SEO plugin. -->","yoast_head_json":{"title":"Mentions l\u00e9gales %%page% - Kachatelier Manternach%","robots":{"index":"index","follow":"follow","max-snippet":"max-snippet:-1","max-image-preview":"max-image-preview:large","max-video-preview":"max-video-preview:-1"},"canonical":"https:\/\/kachatelier-manternach.lu\/fr\/mentions-legales\/","og_locale":"fr_FR","og_type":"article","og_title":"Mentions l\u00e9gales %%page% - Kachatelier Manternach%","og_description":"Mentions l\u00e9gales Kachatelier S\u00e0rl2, A LambettL-6850 Manternach T : 00352 267895960 info@kachatelier-manternach.euwww. kachatelier-manternach.lu R.C.S. Luxembourg B245515Autorisation n\u00b0 10125947 \/ 0-2 TVA 2020 2435 581Num\u00e9ro de TVA. N\u00b0 de TVA LU33373372 Directeur g\u00e9n\u00e9ral :M. Alois AnnenM. Harald R\u00fcssel Tribunal comp\u00e9tent Luxembourg Derni\u00e8rement mis \u00e0 jour : novembre 2022 Responsable de la r\u00e9daction Alois Annen, Harald R\u00fcssel [&hellip;]","og_url":"https:\/\/kachatelier-manternach.lu\/fr\/mentions-legales\/","og_site_name":"Kachatelier Manternach","article_modified_time":"2025-10-14T06:42:30+00:00","twitter_card":"summary_large_image","twitter_misc":{"Dur\u00e9e de lecture estim\u00e9e":"1 minute"},"schema":{"@context":"https:\/\/schema.org","@graph":[{"@type":"WebPage","@id":"https:\/\/kachatelier-manternach.lu\/fr\/mentions-legales\/","url":"https:\/\/kachatelier-manternach.lu\/fr\/mentions-legales\/","name":"Mentions l\u00e9gales %%page% - Kachatelier Manternach%","isPartOf":{"@id":"https:\/\/kachatelier-manternach.lu\/fr\/#website"},"datePublished":"2022-11-25T09:30:20+00:00","dateModified":"2025-10-14T06:42:30+00:00","breadcrumb":{"@id":"https:\/\/kachatelier-manternach.lu\/fr\/mentions-legales\/#breadcrumb"},"inLanguage":"fr-FR","potentialAction":[{"@type":"ReadAction","target":["https:\/\/kachatelier-manternach.lu\/fr\/mentions-legales\/"]}]},{"@type":"BreadcrumbList","@id":"https:\/\/kachatelier-manternach.lu\/fr\/mentions-legales\/#breadcrumb","itemListElement":[{"@type":"ListItem","position":1,"name":"Accueil","item":"https:\/\/kachatelier-manternach.lu\/fr\/"},{"@type":"ListItem","position":2,"name":"Mentions l\u00e9gales"}]},{"@type":"WebSite","@id":"https:\/\/kachatelier-manternach.lu\/fr\/#website","url":"https:\/\/kachatelier-manternach.lu\/fr\/","name":"Kachatelier Manternach","description":"Excellente nourriture &amp; architecture magistrale.","potentialAction":[{"@type":"SearchAction","target":{"@type":"EntryPoint","urlTemplate":"https:\/\/kachatelier-manternach.lu\/fr\/?s={search_term_string}"},"query-input":{"@type":"PropertyValueSpecification","valueRequired":true,"valueName":"search_term_string"}}],"inLanguage":"fr-FR"}]}},"_links":{"self":[{"href":"https:\/\/kachatelier-manternach.lu\/fr\/wp-json\/wp\/v2\/pages\/2196","targetHints":{"allow":["GET"]}}],"collection":[{"href":"https:\/\/kachatelier-manternach.lu\/fr\/wp-json\/wp\/v2\/pages"}],"about":[{"href":"https:\/\/kachatelier-manternach.lu\/fr\/wp-json\/wp\/v2\/types\/page"}],"author":[{"embeddable":true,"href":"https:\/\/kachatelier-manternach.lu\/fr\/wp-json\/wp\/v2\/users\/4"}],"replies":[{"embeddable":true,"href":"https:\/\/kachatelier-manternach.lu\/fr\/wp-json\/wp\/v2\/comments?post=2196"}],"version-history":[{"count":1,"href":"https:\/\/kachatelier-manternach.lu\/fr\/wp-json\/wp\/v2\/pages\/2196\/revisions"}],"predecessor-version":[{"id":2197,"href":"https:\/\/kachatelier-manternach.lu\/fr\/wp-json\/wp\/v2\/pages\/2196\/revisions\/2197"}],"wp:attachment":[{"href":"https:\/\/kachatelier-manternach.lu\/fr\/wp-json\/wp\/v2\/media?parent=2196"}],"curies":[{"name":"wp","href":"https:\/\/api.w.org\/{rel}","templated":true}]}}