{"id":2184,"date":"2025-10-02T15:23:51","date_gmt":"2025-10-02T13:23:51","guid":{"rendered":"https:\/\/kachatelier-manternach.lu\/dates\/"},"modified":"2026-03-25T15:07:34","modified_gmt":"2026-03-25T14:07:34","slug":"dates","status":"publish","type":"page","link":"https:\/\/kachatelier-manternach.lu\/fr\/dates\/","title":{"rendered":"Soir\u00e9es exceptionnelles"},"content":{"rendered":"\n<div class=\"wp-block-group is-layout-constrained wp-block-group-is-layout-constrained\" style=\"margin-top:var(--wp--preset--spacing--60)\">\n<h1 class=\"wp-block-heading has-text-align-center has-text-color has-link-color has-x-large-font-size wp-elements-8583a8600f5ae94df3afea77044e45d1\" style=\"color:#776756;padding-top:0;padding-bottom:0;font-style:normal;font-weight:600\">Soir\u00e9es exceptionnelles<\/h1>\n\n\n\n<p class=\"has-text-align-center has-medium-font-size\">Les soir\u00e9es sp\u00e9ciales m\u00e9ritent des souvenirs sp\u00e9ciaux. Une fois par mois, le soir, le Kachatelier ouvre ses portes et propose un menu de soir\u00e9e exclusif avec des temps forts culinaires et des moments de plaisir particuliers. <\/p>\n\n\n\n<p class=\"has-text-align-center has-text-color has-link-color has-medium-font-size wp-elements-a2de89b8883c9ad31ac3b447927b6ed0\" style=\"color:#776756\"><strong>R\u00e9servez en appelant le +352 267895950 <\/strong><br><strong>ou info@kachatelier-manternach.eu<\/strong><\/p>\n<\/div>\n\n\n\n<div class=\"wp-block-media-text alignwide has-media-on-the-right is-stacked-on-mobile is-image-fill-element tw-lg-hidden tw-md-hidden tw-sm-hidden has-background-color has-text-color has-background has-link-color wp-elements-bdec9d14a7279c7892665e95345a2122\" style=\"background-color:#776756;margin-top:var(--wp--preset--spacing--50);margin-bottom:0\"><div class=\"wp-block-media-text__content\">\n<h2 class=\"wp-block-heading has-background-color has-text-color has-link-color has-large-font-size wp-elements-b35995c85969c1e2e963bff1a888c874\" style=\"font-style:normal;font-weight:500\">K\u00fcchenparty im Kachatelier<\/h2>\n\n\n\n<p><strong>30 janvier 2026<\/strong><\/p>\n\n\n\n<p>Beginn: ab 19:00 Uhr. 180 \u20ac p.P. <\/p>\n\n\n\n<p>Probieren Sie mit Sternekoch Harald R\u00fcssel &amp; S\u00f6hnen ein 5-Gang-Men\u00fc bei Live-Musik, Champagner, Austern, inkl. Weinbegleitung renommierter Weing\u00fcter. <\/p>\n\n\n\n<div class=\"wp-block-buttons is-layout-flex wp-block-buttons-is-layout-flex\">\n<div class=\"wp-block-button\"><a class=\"wp-block-button__link has-foreground-color has-background-background-color has-text-color has-background has-custom-font-size wp-element-button\" href=\"https:\/\/kachatelier-manternach.lu\/wp-content\/uploads\/30.01.2026-Kuechenparty-1.pdf\" style=\"font-size:14px;font-style:normal;font-weight:500;letter-spacing:3px;text-transform:uppercase\" target=\"_blank\" rel=\"noreferrer noopener\">\u2794 MEN\u00dc<\/a><\/div>\n<\/div>\n<\/div><figure class=\"wp-block-media-text__media\"><img loading=\"lazy\" decoding=\"async\" width=\"1024\" height=\"768\" src=\"https:\/\/kachatelier-manternach.lu\/wp-content\/uploads\/harald-koch-sternekoch-1024x768.webp\" alt=\"\" class=\"wp-image-2112 size-full\" style=\"object-position:50% 50%\" srcset=\"https:\/\/kachatelier-manternach.lu\/wp-content\/uploads\/harald-koch-sternekoch-1024x768.webp 1024w, https:\/\/kachatelier-manternach.lu\/wp-content\/uploads\/harald-koch-sternekoch-300x225.webp 300w, https:\/\/kachatelier-manternach.lu\/wp-content\/uploads\/harald-koch-sternekoch-768x576.webp 768w, https:\/\/kachatelier-manternach.lu\/wp-content\/uploads\/harald-koch-sternekoch-1536x1152.webp 1536w, https:\/\/kachatelier-manternach.lu\/wp-content\/uploads\/harald-koch-sternekoch.webp 2048w\" sizes=\"auto, (max-width: 1024px) 100vw, 1024px\" \/><\/figure><\/div>\n\n\n\n<div class=\"wp-block-media-text alignwide is-stacked-on-mobile is-image-fill-element tw-lg-hidden tw-md-hidden tw-sm-hidden has-background-color has-text-color has-background has-link-color wp-elements-1a5d02ceef1618d88fc6ea1ea8e3e4f7\" style=\"background-color:#776756;margin-top:var(--wp--preset--spacing--50);margin-bottom:0\"><figure class=\"wp-block-media-text__media\"><img loading=\"lazy\" decoding=\"async\" width=\"1024\" height=\"996\" src=\"https:\/\/kachatelier-manternach.lu\/wp-content\/uploads\/f9763300-e974-4ad9-b393-e35e62d12ec6-1-e1765551606582-1024x996.jpeg\" alt=\"\" class=\"wp-image-2409 size-full\" style=\"object-position:50% 50%\" srcset=\"https:\/\/kachatelier-manternach.lu\/wp-content\/uploads\/f9763300-e974-4ad9-b393-e35e62d12ec6-1-e1765551606582-1024x996.jpeg 1024w, https:\/\/kachatelier-manternach.lu\/wp-content\/uploads\/f9763300-e974-4ad9-b393-e35e62d12ec6-1-e1765551606582-300x292.jpeg 300w, https:\/\/kachatelier-manternach.lu\/wp-content\/uploads\/f9763300-e974-4ad9-b393-e35e62d12ec6-1-e1765551606582-768x747.jpeg 768w, https:\/\/kachatelier-manternach.lu\/wp-content\/uploads\/f9763300-e974-4ad9-b393-e35e62d12ec6-1-e1765551606582.jpeg 1485w\" sizes=\"auto, (max-width: 1024px) 100vw, 1024px\" \/><\/figure><div class=\"wp-block-media-text__content\">\n<h2 class=\"wp-block-heading has-background-color has-text-color has-link-color has-large-font-size wp-elements-ef5e3aa1b4c9f5f8f19f8e26232ae866\" style=\"font-style:normal;font-weight:500\">14.02.2026<br>Une Saint-Valentin pleine de plaisir et de moments d\u2019exception<\/h2>\n\n\n\n<p>Notre cuisine cr\u00e9e pour vous un menu raffin\u00e9, qui s\u00e9duit par son harmonie, son \u00e9l\u00e9gance et ses touches pleines de tendresse.<br>Parfait pour tous ceux qui appr\u00e9cient le plaisir culinaire et une atmosph\u00e8re \u00e9l\u00e9gante.<br><\/p>\n\n\n\n<div class=\"wp-block-buttons is-layout-flex wp-block-buttons-is-layout-flex\">\n<div class=\"wp-block-button\"><a class=\"wp-block-button__link has-foreground-color has-background-background-color has-text-color has-background has-custom-font-size wp-element-button\" href=\"https:\/\/kachatelier-manternach.lu\/wp-content\/uploads\/Valentinstags-Menue-2026.pdf\" style=\"font-size:14px;font-style:normal;font-weight:500;letter-spacing:3px;text-transform:uppercase\" target=\"_blank\" rel=\"noreferrer noopener\">\u2794 MENU<\/a><\/div>\n<\/div>\n<\/div><\/div>\n\n\n\n<div class=\"wp-block-media-text alignwide has-media-on-the-right is-stacked-on-mobile is-image-fill-element tw-lg-hidden tw-md-hidden tw-sm-hidden has-background-color has-text-color has-background has-link-color wp-elements-3749cdb0ad595a580e93da655b3590d3\" style=\"background-color:#776756;margin-top:var(--wp--preset--spacing--50);margin-bottom:0\"><div class=\"wp-block-media-text__content\">\n<h2 class=\"wp-block-heading has-background-color has-text-color has-link-color has-large-font-size wp-elements-0c749d3ce25cc040b9ced764a2f60a93\" style=\"font-style:normal;font-weight:500\">D\u00e9gustation de vins avec Bernard-Massard<\/h2>\n\n\n\n<p><strong>27. mars 2026<\/strong><\/p>\n\n\n\n<p>D\u00e9but :  18:30 I 105,-\u20ac p.p.<\/p>\n\n\n\n<p>Une d\u00e9gustation de vins s\u00e9lectionn\u00e9s de Bernard Massard, accompagn\u00e9e d&rsquo;un menu, inculant un ap\u00e9ritif et un Amuse-Bouche.<\/p>\n\n\n\n<div class=\"wp-block-buttons is-layout-flex wp-block-buttons-is-layout-flex\">\n<div class=\"wp-block-button\"><a class=\"wp-block-button__link has-foreground-color has-background-background-color has-text-color has-background has-custom-font-size wp-element-button\" href=\"https:\/\/kachatelier-manternach.lu\/wp-content\/uploads\/27.03.26-Menue-Bernard-Massard-Kopie.pdf\" style=\"font-size:14px;font-style:normal;font-weight:500;letter-spacing:3px;text-transform:uppercase\" target=\"_blank\" rel=\"noreferrer noopener\">\u2794 MENU<\/a><\/div>\n<\/div>\n<\/div><figure class=\"wp-block-media-text__media\"><img loading=\"lazy\" decoding=\"async\" width=\"1024\" height=\"576\" src=\"https:\/\/kachatelier-manternach.lu\/wp-content\/uploads\/kachatelier-manternach-plat-du-jour-1-1024x576.webp\" alt=\"\" class=\"wp-image-2143 size-full\" style=\"object-position:50% 50%\" srcset=\"https:\/\/kachatelier-manternach.lu\/wp-content\/uploads\/kachatelier-manternach-plat-du-jour-1-1024x576.webp 1024w, https:\/\/kachatelier-manternach.lu\/wp-content\/uploads\/kachatelier-manternach-plat-du-jour-1-300x169.webp 300w, https:\/\/kachatelier-manternach.lu\/wp-content\/uploads\/kachatelier-manternach-plat-du-jour-1-768x432.webp 768w, https:\/\/kachatelier-manternach.lu\/wp-content\/uploads\/kachatelier-manternach-plat-du-jour-1-1536x864.webp 1536w, https:\/\/kachatelier-manternach.lu\/wp-content\/uploads\/kachatelier-manternach-plat-du-jour-1.webp 1920w\" sizes=\"auto, (max-width: 1024px) 100vw, 1024px\" \/><\/figure><\/div>\n\n\n\n<div class=\"wp-block-media-text alignwide is-stacked-on-mobile is-image-fill-element has-background-color has-text-color has-background has-link-color wp-elements-81cb4a88bfa60f21643f26e018675e94\" style=\"background-color:#776756;margin-top:var(--wp--preset--spacing--50);margin-bottom:0\"><figure class=\"wp-block-media-text__media\"><img decoding=\"async\" src=\"https:\/\/kachatelier-manternach.lu\/wp-content\/uploads\/CVL-Brass-Treppe.jpeg\" alt=\"\" class=\"wp-image-2499 size-full\" style=\"object-position:50% 50%\"\/><\/figure><div class=\"wp-block-media-text__content\">\n<h2 class=\"wp-block-heading has-background-color has-text-color has-link-color has-large-font-size wp-elements-1baa8db5beb0caf8d8f79dd0bc69617b\" style=\"font-style:normal;font-weight:500\">Matin\u00e9e de concert avec le CVL Brass<\/h2>\n\n\n\n<p><strong>03. mai 2026<\/strong><\/p>\n\n\n\n<p>D\u00e9but: \u00e0 11:00 <br>145 \u20ac p.P.<\/p>\n\n\n\n<p>D\u00e9crouvez l&rsquo;ensemble de cuivres du Conservatoire de la Ville de Luxembourg avec un programme de musique de divertissement et jazz, accompagn\u00e9 d&rsquo;un menu printanier \u00e0 3 plats, Ap\u00e9ritif et Amuse Bouche.<\/p>\n\n\n\n<div class=\"wp-block-buttons is-layout-flex wp-block-buttons-is-layout-flex\">\n<div class=\"wp-block-button\"><a class=\"wp-block-button__link has-foreground-color has-background-background-color has-text-color has-background has-custom-font-size wp-element-button\" href=\"https:\/\/kachatelier-manternach.lu\/wp-content\/uploads\/Spargel-Menue-2025.pdf\" style=\"font-size:14px;font-style:normal;font-weight:500;letter-spacing:3px;text-transform:uppercase\">\u2794 R\u00e9servez maintenant<\/a><\/div>\n<\/div>\n<\/div><\/div>\n\n\n\n<div class=\"wp-block-media-text alignwide has-media-on-the-right is-stacked-on-mobile is-image-fill-element has-background-color has-text-color has-background has-link-color wp-elements-d1492ce1db5048ed58d848448e970e8f\" style=\"background-color:#776756;margin-top:var(--wp--preset--spacing--50);margin-bottom:0\"><div class=\"wp-block-media-text__content\">\n<h2 class=\"wp-block-heading has-background-color has-text-color has-link-color has-large-font-size wp-elements-98710cb4b5d87dbfb20235276f6a3797\" style=\"font-style:normal;font-weight:500\">Maibockessen<\/h2>\n\n\n\n<p>le <strong>27 mai 2026<\/strong><br>D\u00e9but: \u00e0 partir de 18h30  I  80,- \u20ac p.P. <\/p>\n\n\n\n<p>Honorer, c&rsquo;est valoriser - chevreuil issu de notre propre chasse, interpr\u00e9t\u00e9 de mani\u00e8re printani\u00e8re dans un menu en 3 services, incluant un ap\u00e9ritif et un amuse-bouche.<br><\/p>\n\n\n\n<div class=\"wp-block-buttons is-layout-flex wp-block-buttons-is-layout-flex\">\n<div class=\"wp-block-button\"><a class=\"wp-block-button__link has-foreground-color has-background-background-color has-text-color has-background has-custom-font-size wp-element-button\" href=\"mailto:info@kachatelier-manternach.eu\" style=\"font-size:14px;font-style:normal;font-weight:500;letter-spacing:3px;text-transform:uppercase\" target=\"_blank\" rel=\"noreferrer noopener\">\u2794 R\u00e9servez maintenant<\/a><\/div>\n<\/div>\n<\/div><figure class=\"wp-block-media-text__media\"><img decoding=\"async\" src=\"https:\/\/kachatelier-manternach.lu\/wp-content\/uploads\/kachatelier-manternach-plat-du-jour-1-1024x576.webp\" alt=\"\" class=\"wp-image-2390 size-full\" style=\"object-position:50% 50%\"\/><\/figure><\/div>\n","protected":false},"excerpt":{"rendered":"<p>Soir\u00e9es exceptionnelles Les soir\u00e9es sp\u00e9ciales m\u00e9ritent des souvenirs sp\u00e9ciaux. Une fois par mois, le soir, le Kachatelier ouvre ses portes et propose un menu de soir\u00e9e exclusif avec des temps forts culinaires et des moments de plaisir particuliers. R\u00e9servez en appelant le +352 267895950 ou info@kachatelier-manternach.eu<\/p>\n","protected":false},"author":4,"featured_media":0,"parent":0,"menu_order":0,"comment_status":"closed","ping_status":"closed","template":"","meta":{"inline_featured_image":false,"footnotes":""},"class_list":["post-2184","page","type-page","status-publish","hentry"],"yoast_head":"<!-- This site is optimized with the Yoast SEO plugin v24.6 - https:\/\/yoast.com\/wordpress\/plugins\/seo\/ -->\n<title>Soir\u00e9es exceptionnelles Kachatelier Manternach<\/title>\n<meta name=\"robots\" content=\"index, follow, max-snippet:-1, max-image-preview:large, max-video-preview:-1\" \/>\n<link rel=\"canonical\" href=\"https:\/\/kachatelier-manternach.lu\/fr\/dates\/\" \/>\n<meta property=\"og:locale\" content=\"fr_FR\" \/>\n<meta property=\"og:type\" content=\"article\" \/>\n<meta property=\"og:title\" content=\"Soir\u00e9es exceptionnelles Kachatelier Manternach\" \/>\n<meta property=\"og:description\" content=\"Soir\u00e9es exceptionnelles Les soir\u00e9es sp\u00e9ciales m\u00e9ritent des souvenirs sp\u00e9ciaux. Une fois par mois, le soir, le Kachatelier ouvre ses portes et propose un menu de soir\u00e9e exclusif avec des temps forts culinaires et des moments de plaisir particuliers. R\u00e9servez en appelant le +352 267895950 ou info@kachatelier-manternach.eu\" \/>\n<meta property=\"og:url\" content=\"https:\/\/kachatelier-manternach.lu\/fr\/dates\/\" \/>\n<meta property=\"og:site_name\" content=\"Kachatelier Manternach\" \/>\n<meta property=\"article:modified_time\" content=\"2026-03-25T14:07:34+00:00\" \/>\n<meta property=\"og:image\" content=\"https:\/\/kachatelier-manternach.lu\/wp-content\/uploads\/harald-koch-sternekoch.webp\" \/>\n\t<meta property=\"og:image:width\" content=\"2048\" \/>\n\t<meta property=\"og:image:height\" content=\"1536\" \/>\n\t<meta property=\"og:image:type\" content=\"image\/webp\" \/>\n<meta name=\"twitter:card\" content=\"summary_large_image\" \/>\n<meta name=\"twitter:label1\" content=\"Dur\u00e9e de lecture estim\u00e9e\" \/>\n\t<meta name=\"twitter:data1\" content=\"3 minutes\" \/>\n<script type=\"application\/ld+json\" class=\"yoast-schema-graph\">{\"@context\":\"https:\/\/schema.org\",\"@graph\":[{\"@type\":\"WebPage\",\"@id\":\"https:\/\/kachatelier-manternach.lu\/fr\/dates\/\",\"url\":\"https:\/\/kachatelier-manternach.lu\/fr\/dates\/\",\"name\":\"Soir\u00e9es exceptionnelles Kachatelier Manternach\",\"isPartOf\":{\"@id\":\"https:\/\/kachatelier-manternach.lu\/fr\/#website\"},\"primaryImageOfPage\":{\"@id\":\"https:\/\/kachatelier-manternach.lu\/fr\/dates\/#primaryimage\"},\"image\":{\"@id\":\"https:\/\/kachatelier-manternach.lu\/fr\/dates\/#primaryimage\"},\"thumbnailUrl\":\"https:\/\/kachatelier-manternach.lu\/wp-content\/uploads\/harald-koch-sternekoch-1024x768.webp\",\"datePublished\":\"2025-10-02T13:23:51+00:00\",\"dateModified\":\"2026-03-25T14:07:34+00:00\",\"breadcrumb\":{\"@id\":\"https:\/\/kachatelier-manternach.lu\/fr\/dates\/#breadcrumb\"},\"inLanguage\":\"fr-FR\",\"potentialAction\":[{\"@type\":\"ReadAction\",\"target\":[\"https:\/\/kachatelier-manternach.lu\/fr\/dates\/\"]}]},{\"@type\":\"ImageObject\",\"inLanguage\":\"fr-FR\",\"@id\":\"https:\/\/kachatelier-manternach.lu\/fr\/dates\/#primaryimage\",\"url\":\"https:\/\/kachatelier-manternach.lu\/wp-content\/uploads\/harald-koch-sternekoch-1024x768.webp\",\"contentUrl\":\"https:\/\/kachatelier-manternach.lu\/wp-content\/uploads\/harald-koch-sternekoch-1024x768.webp\"},{\"@type\":\"BreadcrumbList\",\"@id\":\"https:\/\/kachatelier-manternach.lu\/fr\/dates\/#breadcrumb\",\"itemListElement\":[{\"@type\":\"ListItem\",\"position\":1,\"name\":\"Accueil\",\"item\":\"https:\/\/kachatelier-manternach.lu\/fr\/\"},{\"@type\":\"ListItem\",\"position\":2,\"name\":\"Soir\u00e9es exceptionnelles\"}]},{\"@type\":\"WebSite\",\"@id\":\"https:\/\/kachatelier-manternach.lu\/fr\/#website\",\"url\":\"https:\/\/kachatelier-manternach.lu\/fr\/\",\"name\":\"Kachatelier Manternach\",\"description\":\"Excellente nourriture &amp; architecture magistrale.\",\"potentialAction\":[{\"@type\":\"SearchAction\",\"target\":{\"@type\":\"EntryPoint\",\"urlTemplate\":\"https:\/\/kachatelier-manternach.lu\/fr\/?s={search_term_string}\"},\"query-input\":{\"@type\":\"PropertyValueSpecification\",\"valueRequired\":true,\"valueName\":\"search_term_string\"}}],\"inLanguage\":\"fr-FR\"}]}<\/script>\n<!-- \/ Yoast SEO plugin. -->","yoast_head_json":{"title":"Soir\u00e9es exceptionnelles Kachatelier Manternach","robots":{"index":"index","follow":"follow","max-snippet":"max-snippet:-1","max-image-preview":"max-image-preview:large","max-video-preview":"max-video-preview:-1"},"canonical":"https:\/\/kachatelier-manternach.lu\/fr\/dates\/","og_locale":"fr_FR","og_type":"article","og_title":"Soir\u00e9es exceptionnelles Kachatelier Manternach","og_description":"Soir\u00e9es exceptionnelles Les soir\u00e9es sp\u00e9ciales m\u00e9ritent des souvenirs sp\u00e9ciaux. Une fois par mois, le soir, le Kachatelier ouvre ses portes et propose un menu de soir\u00e9e exclusif avec des temps forts culinaires et des moments de plaisir particuliers. R\u00e9servez en appelant le +352 267895950 ou info@kachatelier-manternach.eu","og_url":"https:\/\/kachatelier-manternach.lu\/fr\/dates\/","og_site_name":"Kachatelier Manternach","article_modified_time":"2026-03-25T14:07:34+00:00","og_image":[{"width":2048,"height":1536,"url":"https:\/\/kachatelier-manternach.lu\/wp-content\/uploads\/harald-koch-sternekoch.webp","type":"image\/webp"}],"twitter_card":"summary_large_image","twitter_misc":{"Dur\u00e9e de lecture estim\u00e9e":"3 minutes"},"schema":{"@context":"https:\/\/schema.org","@graph":[{"@type":"WebPage","@id":"https:\/\/kachatelier-manternach.lu\/fr\/dates\/","url":"https:\/\/kachatelier-manternach.lu\/fr\/dates\/","name":"Soir\u00e9es exceptionnelles Kachatelier Manternach","isPartOf":{"@id":"https:\/\/kachatelier-manternach.lu\/fr\/#website"},"primaryImageOfPage":{"@id":"https:\/\/kachatelier-manternach.lu\/fr\/dates\/#primaryimage"},"image":{"@id":"https:\/\/kachatelier-manternach.lu\/fr\/dates\/#primaryimage"},"thumbnailUrl":"https:\/\/kachatelier-manternach.lu\/wp-content\/uploads\/harald-koch-sternekoch-1024x768.webp","datePublished":"2025-10-02T13:23:51+00:00","dateModified":"2026-03-25T14:07:34+00:00","breadcrumb":{"@id":"https:\/\/kachatelier-manternach.lu\/fr\/dates\/#breadcrumb"},"inLanguage":"fr-FR","potentialAction":[{"@type":"ReadAction","target":["https:\/\/kachatelier-manternach.lu\/fr\/dates\/"]}]},{"@type":"ImageObject","inLanguage":"fr-FR","@id":"https:\/\/kachatelier-manternach.lu\/fr\/dates\/#primaryimage","url":"https:\/\/kachatelier-manternach.lu\/wp-content\/uploads\/harald-koch-sternekoch-1024x768.webp","contentUrl":"https:\/\/kachatelier-manternach.lu\/wp-content\/uploads\/harald-koch-sternekoch-1024x768.webp"},{"@type":"BreadcrumbList","@id":"https:\/\/kachatelier-manternach.lu\/fr\/dates\/#breadcrumb","itemListElement":[{"@type":"ListItem","position":1,"name":"Accueil","item":"https:\/\/kachatelier-manternach.lu\/fr\/"},{"@type":"ListItem","position":2,"name":"Soir\u00e9es exceptionnelles"}]},{"@type":"WebSite","@id":"https:\/\/kachatelier-manternach.lu\/fr\/#website","url":"https:\/\/kachatelier-manternach.lu\/fr\/","name":"Kachatelier Manternach","description":"Excellente nourriture &amp; architecture magistrale.","potentialAction":[{"@type":"SearchAction","target":{"@type":"EntryPoint","urlTemplate":"https:\/\/kachatelier-manternach.lu\/fr\/?s={search_term_string}"},"query-input":{"@type":"PropertyValueSpecification","valueRequired":true,"valueName":"search_term_string"}}],"inLanguage":"fr-FR"}]}},"_links":{"self":[{"href":"https:\/\/kachatelier-manternach.lu\/fr\/wp-json\/wp\/v2\/pages\/2184","targetHints":{"allow":["GET"]}}],"collection":[{"href":"https:\/\/kachatelier-manternach.lu\/fr\/wp-json\/wp\/v2\/pages"}],"about":[{"href":"https:\/\/kachatelier-manternach.lu\/fr\/wp-json\/wp\/v2\/types\/page"}],"author":[{"embeddable":true,"href":"https:\/\/kachatelier-manternach.lu\/fr\/wp-json\/wp\/v2\/users\/4"}],"replies":[{"embeddable":true,"href":"https:\/\/kachatelier-manternach.lu\/fr\/wp-json\/wp\/v2\/comments?post=2184"}],"version-history":[{"count":23,"href":"https:\/\/kachatelier-manternach.lu\/fr\/wp-json\/wp\/v2\/pages\/2184\/revisions"}],"predecessor-version":[{"id":2549,"href":"https:\/\/kachatelier-manternach.lu\/fr\/wp-json\/wp\/v2\/pages\/2184\/revisions\/2549"}],"wp:attachment":[{"href":"https:\/\/kachatelier-manternach.lu\/fr\/wp-json\/wp\/v2\/media?parent=2184"}],"curies":[{"name":"wp","href":"https:\/\/api.w.org\/{rel}","templated":true}]}}